{"id":637,"date":"2023-10-19T16:18:04","date_gmt":"2023-10-19T14:18:04","guid":{"rendered":"https:\/\/webnova.qllet.com\/?page_id=637"},"modified":"2023-11-16T11:30:18","modified_gmt":"2023-11-16T09:30:18","slug":"servicios-veterinarios","status":"publish","type":"page","link":"https:\/\/www.qllet.com\/es\/servicios-veterinarios\/","title":{"rendered":"Servicios"},"content":{"rendered":"<section class=\"wpb-content-wrapper\"><p>[vc_row css_animation=\u00bb\u00bb row_type=\u00bbrow\u00bb use_row_as_full_screen_section=\u00bbno\u00bb type=\u00bbfull_width\u00bb angled_section=\u00bbno\u00bb text_align=\u00bbleft\u00bb background_image_as_pattern=\u00bbwithout_pattern\u00bb][vc_column][vc_single_image image=\u00bb469&#8243; img_size=\u00bbfull\u00bb alignment=\u00bbcenter\u00bb qode_css_animation=\u00bb\u00bb][\/vc_column][\/vc_row][vc_row css_animation=\u00bb\u00bb row_type=\u00bbrow\u00bb use_row_as_full_screen_section=\u00bbno\u00bb type=\u00bbgrid\u00bb angled_section=\u00bbno\u00bb text_align=\u00bbleft\u00bb background_image_as_pattern=\u00bbwithout_pattern\u00bb z_index=\u00bb\u00bb padding_top=\u00bb30&#8243;][vc_column][vc_column_text]<\/p>\n<p style=\"text-align: right;\"><a href=\"\/es\">Inicio<\/a> &gt;&gt; Servicios<\/p>\n<p>[\/vc_column_text][\/vc_column][\/vc_row][vc_row css_animation=\u00bb\u00bb row_type=\u00bbrow\u00bb use_row_as_full_screen_section=\u00bbno\u00bb type=\u00bbgrid\u00bb angled_section=\u00bbno\u00bb text_align=\u00bbleft\u00bb background_image_as_pattern=\u00bbwithout_pattern\u00bb css=\u00bb.vc_custom_1698335602422{padding-top: 100px !important;}\u00bb z_index=\u00bb\u00bb padding_top=\u00bb75&#8243; padding_bottom=\u00bb75&#8243; anchor=\u00bbinici\u00bb][vc_column offset=\u00bbvc_col-lg-6 vc_col-md-6&#8243; css=\u00bb.vc_custom_1697541148996{padding-right: 10% !important;}\u00bb][vc_single_image image=\u00bb513&#8243; img_size=\u00bbfull\u00bb qode_css_animation=\u00bb\u00bb][vc_empty_space height=\u00bb50&#8243;][\/vc_column][vc_column offset=\u00bbvc_col-lg-6 vc_col-md-6&#8243;][vc_column_text]<\/p>\n<h1>Servicios veterinarios con a\u00f1os de experiencia<\/h1>\n<p>[\/vc_column_text][vc_empty_space height=\u00bb20&#8243;][vc_column_text]<\/p>\n<p style=\"text-align: left; font-size: 24px; color: #fe5900; font-weight: 400; line-height: 1.5;\">QUEREMOS DAR SOLUCIONES A TUS NECESIDADES<\/p>\n<p>[\/vc_column_text][vc_empty_space height=\u00bb75&#8243;][vc_column_text]Con m\u00e1s de 20 a\u00f1os de experiencia, el equipo de veterinarios de Q-Llet estamos especializados en la <strong>calidad de la leche<\/strong> y en la mejora de la sanidad mamaria tanto de vacas, ovejas como de cabras. La prevenci\u00f3n es el punto clave y nuestra forma de trabajar. Auditamos todos los factores de riesgo y los procesos que afectan a la mamitis y a la calidad de la leche y te damos soluciones.[\/vc_column_text][vc_empty_space height=\u00bb50&#8243;]<a  itemprop=\"url\" href=\"\/es\/contacto\/\" target=\"_self\"  class=\"qbutton  default\" style=\"\">CONT\u00c1CTANOS<\/a>[\/vc_column][\/vc_row][vc_row css_animation=\u00bb\u00bb row_type=\u00bbrow\u00bb use_row_as_full_screen_section=\u00bbno\u00bb type=\u00bbfull_width\u00bb angled_section=\u00bbno\u00bb text_align=\u00bbleft\u00bb background_image_as_pattern=\u00bbwithout_pattern\u00bb][vc_column][vc_separator type=\u00bbnormal\u00bb color=\u00bb#999999&#8243; thickness=\u00bb1&#8243; up=\u00bb0&#8243; down=\u00bb0&#8243;][\/vc_column][\/vc_row][vc_row css_animation=\u00bb\u00bb row_type=\u00bbrow\u00bb use_row_as_full_screen_section=\u00bbno\u00bb type=\u00bbgrid\u00bb angled_section=\u00bbno\u00bb text_align=\u00bbleft\u00bb background_image_as_pattern=\u00bbwithout_pattern\u00bb z_index=\u00bb\u00bb padding_top=\u00bb75&#8243;][vc_column][vc_column_text]<\/p>\n<h2>TODOS LOS SERVICIOS DE Q-LLET<\/h2>\n<p>[\/vc_column_text][vc_empty_space height=\u00bb20&#8243;][vc_column_text]<\/p>\n<p style=\"text-align: left; font-size: 24px; color: #000000; font-weight: 400; line-height: 1.5;\">Estudiamos tu caso y preparamos una soluci\u00f3n personalizada.<\/p>\n<p>[\/vc_column_text][vc_empty_space height=\u00bb75&#8243;][\/vc_column][\/vc_row][vc_row css_animation=\u00bb\u00bb row_type=\u00bbrow\u00bb use_row_as_full_screen_section=\u00bbno\u00bb type=\u00bbgrid\u00bb angled_section=\u00bbno\u00bb text_align=\u00bbleft\u00bb background_image_as_pattern=\u00bbwithout_pattern\u00bb z_index=\u00bb\u00bb padding_top=\u00bb50&#8243; anchor=\u00bb#mamitis\u00bb][vc_column width=\u00bb1\/2&#8243;][vc_row_inner row_type=\u00bbrow\u00bb type=\u00bbfull_width\u00bb text_align=\u00bbleft\u00bb css_animation=\u00bb\u00bb anchor=\u00bbmastitis\u00bb][vc_column_inner width=\u00bb1\/2&#8243;][vc_single_image image=\u00bb472&#8243; img_size=\u00bbfull\u00bb alignment=\u00bbcenter\u00bb qode_css_animation=\u00bb\u00bb][vc_empty_space height=\u00bb25px\u00bb][\/vc_column_inner][vc_column_inner width=\u00bb1\/2&#8243;][vc_column_text]<\/p>\n<h3 style=\"text-align: left;\">Diagn\u00f3stico de problemas de mamitis y calidad de leche, e implantaci\u00f3n de medidas correctoras<\/h3>\n<p>[\/vc_column_text][vc_separator type=\u00bbsmall\u00bb position=\u00bbleft\u00bb color=\u00bb#000000&#8243; thickness=\u00bb1&#8243; up=\u00bb20&#8243; down=\u00bb50&#8243; width=\u00bb100&#8243;][vc_column_text]<\/p>\n<p style=\"text-align: left;\">El primer paso es identificar correctamente el origen del problema: con anal\u00edticas de leche, revisando el manejo del orde\u00f1o, verificando los equipos de orde\u00f1o y valorando el nivel de higiene de las instalaciones. Una vez diagnosticado el problema, definimos la estrategia a seguir y empezamos con su implantaci\u00f3n.<\/p>\n<p>[\/vc_column_text][vc_empty_space height=\u00bb50px\u00bb][\/vc_column_inner][\/vc_row_inner][\/vc_column][vc_column width=\u00bb1\/2&#8243;][vc_row_inner row_type=\u00bbrow\u00bb type=\u00bbfull_width\u00bb text_align=\u00bbleft\u00bb css_animation=\u00bb\u00bb anchor=\u00bbequipos\u00bb][vc_column_inner width=\u00bb1\/2&#8243;][vc_single_image image=\u00bb475&#8243; img_size=\u00bbfull\u00bb alignment=\u00bbcenter\u00bb qode_css_animation=\u00bb\u00bb][vc_empty_space height=\u00bb25px\u00bb][\/vc_column_inner][vc_column_inner width=\u00bb1\/2&#8243;][vc_column_text]<\/p>\n<h3 style=\"text-align: left;\">Revisi\u00f3n de equipos de orde\u00f1o y enfriamiento de la leche<\/h3>\n<p>[\/vc_column_text][vc_separator type=\u00bbsmall\u00bb position=\u00bbleft\u00bb color=\u00bb#000000&#8243; thickness=\u00bb1&#8243; up=\u00bb20&#8243; down=\u00bb50&#8243; width=\u00bb100&#8243;][vc_column_text]<\/p>\n<p style=\"text-align: left;\">La m\u00e1quina de orde\u00f1o es una pieza fundamental en la producci\u00f3n de leche de calidad. Es necesario que funcione correctamente los 365 d\u00edas del a\u00f1o y por eso revisamos peri\u00f3dicamente el funcionamiento de la m\u00e1quina de orde\u00f1o (revisiones est\u00e1ticas y din\u00e1micas) e implantamos un protocolo de mantenimiento de todos los equipos.<\/p>\n<p>[\/vc_column_text][vc_empty_space height=\u00bb50px\u00bb][\/vc_column_inner][\/vc_row_inner][\/vc_column][\/vc_row][vc_row css_animation=\u00bb\u00bb row_type=\u00bbrow\u00bb use_row_as_full_screen_section=\u00bbno\u00bb type=\u00bbgrid\u00bb angled_section=\u00bbno\u00bb text_align=\u00bbleft\u00bb background_image_as_pattern=\u00bbwithout_pattern\u00bb z_index=\u00bb\u00bb padding_top=\u00bb50&#8243; css=\u00bb.vc_custom_1698320324241{background-color: #f9f9f9 !important;}\u00bb][vc_column width=\u00bb1\/2&#8243;][vc_row_inner row_type=\u00bbrow\u00bb type=\u00bbfull_width\u00bb text_align=\u00bbleft\u00bb css_animation=\u00bb\u00bb anchor=\u00bbinstalaciones\u00bb][vc_column_inner width=\u00bb1\/2&#8243;][vc_single_image image=\u00bb487&#8243; img_size=\u00bbfull\u00bb alignment=\u00bbcenter\u00bb qode_css_animation=\u00bb\u00bb][vc_empty_space height=\u00bb25px\u00bb][\/vc_column_inner][vc_column_inner width=\u00bb1\/2&#8243;][vc_column_text]<\/p>\n<h3 style=\"text-align: left;\">Asesoramiento en dise\u00f1o y mantenimiento de instalaciones para animales y centros de orde\u00f1o<\/h3>\n<p>[\/vc_column_text][vc_separator type=\u00bbsmall\u00bb position=\u00bbleft\u00bb color=\u00bb#000000&#8243; thickness=\u00bb1&#8243; up=\u00bb20&#8243; down=\u00bb50&#8243; width=\u00bb100&#8243;][vc_column_text]<\/p>\n<p style=\"text-align: left;\">La higiene y el confort de los animales es el punto de partida en la prevenci\u00f3n de la salud de ubres. Asesoramos a nuestros clientes en el dise\u00f1o de instalaciones para maximizar confort, higiene y productividad, implantando los protocolos necesarios para el correcto mantenimiento de las mismas.<\/p>\n<p>[\/vc_column_text][vc_empty_space height=\u00bb50px\u00bb][\/vc_column_inner][\/vc_row_inner][\/vc_column][vc_column width=\u00bb1\/2&#8243;][vc_row_inner row_type=\u00bbrow\u00bb type=\u00bbfull_width\u00bb text_align=\u00bbleft\u00bb css_animation=\u00bb\u00bb anchor=\u00bbformacion-personal\u00bb][vc_column_inner width=\u00bb1\/2&#8243;][vc_single_image image=\u00bb558&#8243; img_size=\u00bbfull\u00bb alignment=\u00bbcenter\u00bb qode_css_animation=\u00bb\u00bb][vc_empty_space height=\u00bb25px\u00bb][\/vc_column_inner][vc_column_inner width=\u00bb1\/2&#8243;][vc_column_text]<\/p>\n<h3 style=\"text-align: left;\">Formaci\u00f3n de personal de orde\u00f1o<\/h3>\n<p>[\/vc_column_text][vc_separator type=\u00bbsmall\u00bb position=\u00bbleft\u00bb color=\u00bb#000000&#8243; thickness=\u00bb1&#8243; up=\u00bb20&#8243; down=\u00bb50&#8243; width=\u00bb100&#8243;][vc_column_text]<\/p>\n<p style=\"texto-align: left;\"><em>\u201cLa leche la producen las vacas. La leche de alta calidad la producen las personas que trabajan con las vacas\u201d<\/em><\/p>\n<p>&nbsp;<\/p>\n<p>Si queremos producir leche de alta calidad necesitamos trabajadores cualificados, que conozcan la importancia de las tareas que realizan a diario. En Q-Llet apostamos por la formaci\u00f3n continuada del personal de orde\u00f1o con material audiovisual pr\u00e1ctico y sencillo sobre la importancia de cada paso en la rutina de orde\u00f1o.[\/vc_column_text][vc_empty_space height=\u00bb50px\u00bb][\/vc_column_inner][\/vc_row_inner][\/vc_column][\/vc_row][vc_row css_animation=\u00bb\u00bb row_type=\u00bbrow\u00bb use_row_as_full_screen_section=\u00bbno\u00bb type=\u00bbgrid\u00bb angled_section=\u00bbno\u00bb text_align=\u00bbleft\u00bb background_image_as_pattern=\u00bbwithout_pattern\u00bb z_index=\u00bb\u00bb padding_top=\u00bb50&#8243;][vc_column width=\u00bb1\/2&#8243;][vc_row_inner row_type=\u00bbrow\u00bb type=\u00bbfull_width\u00bb text_align=\u00bbleft\u00bb css_animation=\u00bb\u00bb anchor=\u00bbcalidad\u00bb][vc_column_inner width=\u00bb1\/2&#8243;][vc_single_image image=\u00bb503&#8243; img_size=\u00bbfull\u00bb alignment=\u00bbcenter\u00bb qode_css_animation=\u00bb\u00bb][vc_empty_space height=\u00bb25px\u00bb][\/vc_column_inner][vc_column_inner width=\u00bb1\/2&#8243;][vc_column_text]<\/p>\n<h3 style=\"text-align: left;\">Mejora de la calidad de la leche tanto en ovino como en caprino lechero<\/h3>\n<p>[\/vc_column_text][vc_separator type=\u00bbsmall\u00bb position=\u00bbleft\u00bb color=\u00bb#000000&#8243; thickness=\u00bb1&#8243; up=\u00bb20&#8243; down=\u00bb50&#8243; width=\u00bb100&#8243;][vc_column_text]La salud de las ubres en los peque\u00f1os rumiantes tiene un impacto directo y muy importante en la producci\u00f3n de leche y en la calidad de la leche. En Q-Llet tenemos experiencia contrastada en programas de mejora de calidad de la leche tanto en ovino como caprino lechero. Verificamos y ajustamos el funcionamiento de la m\u00e1quina de orde\u00f1o y realizamos auditor\u00edas de lavados de las salas de orde\u00f1o. Otra \u00e1rea importante es el dise\u00f1o de rutinas de orde\u00f1o y el manejo epidemiol\u00f3gico de datos de control lechero.[\/vc_column_text][vc_empty_space height=\u00bb50&#8243;][\/vc_column_inner][\/vc_row_inner][\/vc_column][vc_column width=\u00bb1\/2&#8243;][vc_row_inner row_type=\u00bbrow\u00bb type=\u00bbfull_width\u00bb text_align=\u00bbleft\u00bb css_animation=\u00bb\u00bb anchor=\u00bbguias\u00bb][vc_column_inner width=\u00bb1\/2&#8243;][vc_single_image image=\u00bb490&#8243; img_size=\u00bbfull\u00bb alignment=\u00bbcenter\u00bb qode_css_animation=\u00bb\u00bb][vc_empty_space height=\u00bb25px\u00bb][\/vc_column_inner][vc_column_inner width=\u00bb1\/2&#8243;][vc_column_text]<\/p>\n<h3 style=\"text-align: left;\">Implantaci\u00f3n de Gu\u00edas de Pr\u00e1cticas Correctas de Higiene<\/h3>\n<p>[\/vc_column_text][vc_separator type=\u00bbsmall\u00bb position=\u00bbleft\u00bb color=\u00bb#000000&#8243; thickness=\u00bb1&#8243; up=\u00bb20&#8243; down=\u00bb50&#8243; width=\u00bb100&#8243;][vc_column_text]<\/p>\n<p style=\"text-align: left;\">La seguridad alimentaria del producto es un pilar fundamental en el concepto de calidad. Con la implantaci\u00f3n de Gu\u00edas de Pr\u00e1cticas Correctas de Higiene asesoramos a nuestros clientes para maximizar la seguridad del producto y adaptarse a la legislaci\u00f3n vigente.<\/p>\n<p>[\/vc_column_text][vc_empty_space height=\u00bb50px\u00bb][\/vc_column_inner][\/vc_row_inner][\/vc_column][\/vc_row][vc_row css_animation=\u00bb\u00bb row_type=\u00bbrow\u00bb use_row_as_full_screen_section=\u00bbno\u00bb type=\u00bbgrid\u00bb angled_section=\u00bbno\u00bb text_align=\u00bbleft\u00bb background_image_as_pattern=\u00bbwithout_pattern\u00bb z_index=\u00bb\u00bb padding_top=\u00bb50&#8243; css=\u00bb.vc_custom_1698320377715{background-color: #f9f9f9 !important;}\u00bb][vc_column width=\u00bb1\/2&#8243;][vc_row_inner row_type=\u00bbrow\u00bb type=\u00bbfull_width\u00bb text_align=\u00bbleft\u00bb css_animation=\u00bb\u00bb anchor=\u00bbasesoramiento-genetico\u00bb][vc_column_inner width=\u00bb1\/2&#8243;][vc_single_image image=\u00bb497&#8243; img_size=\u00bbfull\u00bb alignment=\u00bbcenter\u00bb qode_css_animation=\u00bb\u00bb][vc_empty_space height=\u00bb25px\u00bb][\/vc_column_inner][vc_column_inner width=\u00bb1\/2&#8243;][vc_column_text]<\/p>\n<h3 style=\"text-align: left;\">Asesoramiento gen\u00e9tico<\/h3>\n<p>[\/vc_column_text][vc_separator type=\u00bbsmall\u00bb position=\u00bbleft\u00bb color=\u00bb#000000&#8243; thickness=\u00bb1&#8243; up=\u00bb20&#8243; down=\u00bb50&#8243; width=\u00bb100&#8243;][vc_column_text]<\/p>\n<p style=\"text-align: left;\">Conseguir un progreso gen\u00e9tico no es un trabajo que se consiga en un \u00fanico d\u00eda, ya que existen muchos factores que intervienen y que nutren todo un sistema de datos velado en nuestro caso, por el control lechero oficial. Se realizan planes a medida en funci\u00f3n de las necesidades de la ganader\u00eda y de sus objetivos gen\u00e9ticos.<\/p>\n<p>[\/vc_column_text][vc_empty_space height=\u00bb50px\u00bb][\/vc_column_inner][\/vc_row_inner][\/vc_column][vc_column width=\u00bb1\/2&#8243;][vc_row_inner row_type=\u00bbrow\u00bb type=\u00bbfull_width\u00bb text_align=\u00bbleft\u00bb css_animation=\u00bb\u00bb anchor=\u00bbformacion-veterinarios\u00bb][vc_column_inner width=\u00bb1\/2&#8243;][vc_single_image image=\u00bb500&#8243; img_size=\u00bbfull\u00bb alignment=\u00bbcenter\u00bb qode_css_animation=\u00bb\u00bb][vc_empty_space height=\u00bb25px\u00bb][\/vc_column_inner][vc_column_inner width=\u00bb1\/2&#8243;][vc_column_text]<\/p>\n<h3 style=\"text-align: left;\">Formaci\u00f3n para veterinarios en Calidad de Leche<\/h3>\n<p>[\/vc_column_text][vc_separator type=\u00bbsmall\u00bb position=\u00bbleft\u00bb color=\u00bb#000000&#8243; thickness=\u00bb1&#8243; up=\u00bb20&#8243; down=\u00bb50&#8243; width=\u00bb100&#8243;][vc_column_text]<\/p>\n<p style=\"text-align: left;\">Para todos aquellos veterinarios que deseen ampliar sus conocimientos en calidad de leche, y as\u00ed poder ofrecer nuevos servicios a sus clientes, ofrecemos programas de formaci\u00f3n a medida. Nuestra formaci\u00f3n va dirigida a cubrir todos aquellos aspectos que tienen influencia en la calidad de leche: rutinas de orde\u00f1o, revisi\u00f3n de equipos de orde\u00f1o, gesti\u00f3n de datos (RCS individual, mamitis cl\u00ednicas, etc.), dise\u00f1o y mantenimiento de instalaciones&#8230;<\/p>\n<p>[\/vc_column_text][vc_empty_space height=\u00bb50px\u00bb][\/vc_column_inner][\/vc_row_inner][\/vc_column][\/vc_row]<\/p>\n<\/section>","protected":false},"excerpt":{"rendered":"<p>[vc_row css_animation=\u00bb\u00bb row_type=\u00bbrow\u00bb use_row_as_full_screen_section=\u00bbno\u00bb type=\u00bbfull_width\u00bb angled_section=\u00bbno\u00bb text_align=\u00bbleft\u00bb background_image_as_pattern=\u00bbwithout_pattern\u00bb][vc_column][vc_single_image image=\u00bb469&#8243; img_size=\u00bbfull\u00bb alignment=\u00bbcenter\u00bb qode_css_animation=\u00bb\u00bb][\/vc_column][\/vc_row][vc_row css_animation=\u00bb\u00bb row_type=\u00bbrow\u00bb use_row_as_full_screen_section=\u00bbno\u00bb type=\u00bbgrid\u00bb angled_section=\u00bbno\u00bb text_align=\u00bbleft\u00bb background_image_as_pattern=\u00bbwithout_pattern\u00bb z_index=\u00bb\u00bb padding_top=\u00bb30&#8243;][vc_column][vc_column_text] Inicio &gt;&gt; Servicios [\/vc_column_text][\/vc_column][\/vc_row][vc_row css_animation=\u00bb\u00bb row_type=\u00bbrow\u00bb use_row_as_full_screen_section=\u00bbno\u00bb type=\u00bbgrid\u00bb angled_section=\u00bbno\u00bb text_align=\u00bbleft\u00bb background_image_as_pattern=\u00bbwithout_pattern\u00bb css=\u00bb.vc_custom_1698335602422{padding-top: 100px !important;}\u00bb z_index=\u00bb\u00bb padding_top=\u00bb75&#8243; padding_bottom=\u00bb75&#8243; anchor=\u00bbinici\u00bb][vc_column offset=\u00bbvc_col-lg-6 vc_col-md-6&#8243; css=\u00bb.vc_custom_1697541148996{padding-right: 10% !important;}\u00bb][vc_single_image image=\u00bb513&#8243;&hellip; <a class=\"continue\" href=\"https:\/\/www.qllet.com\/es\/servicios-veterinarios\/\">CONTINUAR >><span> Servicios<\/span><\/a><\/p>\n","protected":false},"author":1,"featured_media":0,"parent":0,"menu_order":0,"comment_status":"closed","ping_status":"closed","template":"full_width.php","meta":{"footnotes":""},"class_list":["post-637","page","type-page","status-publish","hentry"],"_links":{"self":[{"href":"https:\/\/www.qllet.com\/es\/wp-json\/wp\/v2\/pages\/637","targetHints":{"allow":["GET"]}}],"collection":[{"href":"https:\/\/www.qllet.com\/es\/wp-json\/wp\/v2\/pages"}],"about":[{"href":"https:\/\/www.qllet.com\/es\/wp-json\/wp\/v2\/types\/page"}],"author":[{"embeddable":true,"href":"https:\/\/www.qllet.com\/es\/wp-json\/wp\/v2\/users\/1"}],"replies":[{"embeddable":true,"href":"https:\/\/www.qllet.com\/es\/wp-json\/wp\/v2\/comments?post=637"}],"version-history":[{"count":9,"href":"https:\/\/www.qllet.com\/es\/wp-json\/wp\/v2\/pages\/637\/revisions"}],"predecessor-version":[{"id":748,"href":"https:\/\/www.qllet.com\/es\/wp-json\/wp\/v2\/pages\/637\/revisions\/748"}],"wp:attachment":[{"href":"https:\/\/www.qllet.com\/es\/wp-json\/wp\/v2\/media?parent=637"}],"curies":[{"name":"wp","href":"https:\/\/api.w.org\/{rel}","templated":true}]}}