{"id":605,"date":"2018-02-07T14:11:33","date_gmt":"2018-02-07T12:11:33","guid":{"rendered":"https:\/\/webnova.qllet.com\/?page_id=605"},"modified":"2023-11-16T11:23:18","modified_gmt":"2023-11-16T09:23:18","slug":"inicio","status":"publish","type":"page","link":"https:\/\/www.qllet.com\/es\/","title":{"rendered":"Inicio"},"content":{"rendered":"<section class=\"wpb-content-wrapper\"><p>[vc_row css_animation=\u00bb\u00bb row_type=\u00bbrow\u00bb use_row_as_full_screen_section=\u00bbno\u00bb type=\u00bbgrid\u00bb angled_section=\u00bbno\u00bb text_align=\u00bbleft\u00bb background_image_as_pattern=\u00bbwithout_pattern\u00bb z_index=\u00bb\u00bb background_image=\u00bb453&#8243;][vc_column offset=\u00bbvc_hidden-md vc_hidden-sm vc_hidden-xs\u00bb][vc_empty_space height=\u00bb150&#8243;][vc_column_text]<\/p>\n<p style=\"text-align: left; font-size: 72px; color: #000000; font-weight: 300; line-height: 1;\">Veterinarios asesores<br \/>\nde la calidad de la leche<\/p>\n<p>[\/vc_column_text][vc_empty_space height=\u00bb20&#8243;][vc_column_text]<\/p>\n<p style=\"text-align: left; font-size: 24px; color: #ffffff; font-weight: 400; line-height: 1.5;\">ESTUDIAMOS TU CASO Y TE PREPARAMOS UNA SOLUCI\u00d3N PERSONALIZADA.<\/p>\n<p>[\/vc_column_text][vc_empty_space height=\u00bb50&#8243;]<a  itemprop=\"url\" href=\"\/es\/servicios-veterinarios\/\" target=\"_self\" data-hover-background-color='#212121' data-hover-border-color='#212121' data-hover-color='#ffffff' class=\"qbutton  default\" style=\"color: #ffffff; border-color: #1f6db6; background-color: #1f6db6;\">EXPLORA LOS SERVICIOS DE Q-Llet<\/a>[vc_empty_space height=\u00bb400&#8243;][\/vc_column][\/vc_row][vc_row css_animation=\u00bb\u00bb row_type=\u00bbrow\u00bb use_row_as_full_screen_section=\u00bbno\u00bb type=\u00bbgrid\u00bb angled_section=\u00bbno\u00bb text_align=\u00bbleft\u00bb background_image_as_pattern=\u00bbwithout_pattern\u00bb z_index=\u00bb\u00bb background_image=\u00bb453&#8243;][vc_column offset=\u00bbvc_hidden-lg\u00bb][vc_empty_space height=\u00bb100&#8243;][vc_column_text]<\/p>\n<p style=\"text-align: left; font-size: 48px; color: #000000; font-weight: 300; line-height: 1;\">Veterinarios asesores<br \/>\nde la calidad de la leche<\/p>\n<p>[\/vc_column_text][vc_empty_space height=\u00bb20&#8243;][vc_column_text]<\/p>\n<p style=\"text-align: left; font-size: 24px; color: #ffffff; font-weight: 400; line-height: 1.5;\">ESTUDIAMOS TU CASO Y TE PREPARAMOS UNA SOLUCI\u00d3N PERSONALIZADA.<\/p>\n<p>[\/vc_column_text][vc_empty_space height=\u00bb50&#8243;]<a  itemprop=\"url\" href=\"\/es\/servicios-veterinarios\/\" target=\"_self\" data-hover-background-color='#212121' data-hover-border-color='#212121' data-hover-color='#ffffff' class=\"qbutton  default\" style=\"color: #ffffff; border-color: #1f6db6; background-color: #1f6db6;\">EXPLORA LOS SERVICIOS DE Q-LLET<\/a>[vc_empty_space height=\u00bb100&#8243;][\/vc_column][\/vc_row][vc_row css_animation=\u00bb\u00bb row_type=\u00bbrow\u00bb use_row_as_full_screen_section=\u00bbno\u00bb type=\u00bbgrid\u00bb angled_section=\u00bbno\u00bb text_align=\u00bbleft\u00bb background_image_as_pattern=\u00bbwithout_pattern\u00bb css=\u00bb.vc_custom_1698335552079{padding-top: 100px !important;}\u00bb z_index=\u00bb\u00bb padding_top=\u00bb75&#8243; padding_bottom=\u00bb75&#8243; anchor=\u00bbinici\u00bb][vc_column offset=\u00bbvc_col-lg-6 vc_col-md-6&#8243; css=\u00bb.vc_custom_1697541148996{padding-right: 10% !important;}\u00bb][vc_single_image image=\u00bb549&#8243; img_size=\u00bbfull\u00bb alignment=\u00bbright\u00bb qode_css_animation=\u00bb\u00bb][vc_empty_space height=\u00bb50&#8243;][\/vc_column][vc_column offset=\u00bbvc_col-lg-6 vc_col-md-6&#8243;][vc_column_text]<\/p>\n<h1>Veterinarios asesores de la calidad de la leche<\/h1>\n<p>[\/vc_column_text][vc_empty_space height=\u00bb20&#8243;][vc_column_text]<\/p>\n<p style=\"text-align: left; font-size: 24px; color: #fe5900; font-weight: 400; line-height: 1.5;\">SANIDAD DE UBRES EN VACAS, OVEJAS Y CABRAS<\/p>\n<p>[\/vc_column_text][vc_empty_space height=\u00bb75&#8243;][vc_column_text]Q-Llet SLP es una empresa de servicios veterinarios centrada en la <strong>calidad de leche<\/strong>. Nuestra actividad est\u00e1 orientada al <strong>asesoramiento de las explotaciones lecheras<\/strong> para la <strong>prevenci\u00f3n de mamitis<\/strong>, mejorando la salud de ubres del reba\u00f1o, la calidad de la leche producida y la <strong>rentabilidad de las explotaciones<\/strong>.<\/p>\n<p>&nbsp;<\/p>\n<p>Desde 2005, Q-Llet SLP ofrece <strong>asesoramiento en salud de ubres<\/strong>, <strong>dise\u00f1o y mantenimiento de m\u00e1quinas de orde\u00f1o<\/strong> y <strong>equipos de fr\u00edo<\/strong>, <strong>dise\u00f1o y mantenimiento de instalaciones<\/strong>, <strong>formaci\u00f3n del personal de orde\u00f1o<\/strong>, <strong>seguridad alimentaria<\/strong>, <strong>bienestar animal<\/strong>, etc. Es decir, en todos aquellos \u00e1mbitos que de una forma u otra pueden tener repercusi\u00f3n en la calidad de la leche.[\/vc_column_text][vc_empty_space height=\u00bb50&#8243;]<a  itemprop=\"url\" href=\"\/es\/contacto\/\" target=\"_self\"  class=\"qbutton  default\" style=\"\">CONT\u00c1CTANOS<\/a>[\/vc_column][\/vc_row][vc_row css_animation=\u00bb\u00bb row_type=\u00bbrow\u00bb use_row_as_full_screen_section=\u00bbno\u00bb type=\u00bbfull_width\u00bb angled_section=\u00bbno\u00bb text_align=\u00bbleft\u00bb background_image_as_pattern=\u00bbwithout_pattern\u00bb][vc_column][vc_separator type=\u00bbnormal\u00bb color=\u00bb#999999&#8243; thickness=\u00bb1&#8243; up=\u00bb0&#8243; down=\u00bb0&#8243;][\/vc_column][\/vc_row][vc_row css_animation=\u00bb\u00bb row_type=\u00bbrow\u00bb use_row_as_full_screen_section=\u00bbno\u00bb type=\u00bbgrid\u00bb angled_section=\u00bbno\u00bb text_align=\u00bbleft\u00bb background_image_as_pattern=\u00bbwithout_pattern\u00bb z_index=\u00bb\u00bb padding_top=\u00bb75&#8243; padding_bottom=\u00bb75&#8243;][vc_column][vc_column_text]<\/p>\n<h2>LOS SERVICIOS DE Q-Llet<\/h2>\n<p>[\/vc_column_text][vc_empty_space height=\u00bb20&#8243;][vc_column_text]<\/p>\n<p style=\"text-align: left; font-size: 24px; color: #000000; font-weight: 400; line-height: 1.5;\">El equipo de veterinarios de Q-Llet estamos especializados en la calidad de la leche y en el diagn\u00f3stico y tratamiento de las mastitis tanto en vacas, como en ovejas y en cabras. Pero tambi\u00e9n podemos ayudarte en otros aspectos.<\/p>\n<p>[\/vc_column_text][vc_empty_space height=\u00bb20&#8243;]<a  itemprop=\"url\" href=\"\/es\/servicios-veterinarios\/\" target=\"_self\"  class=\"qbutton  default\" style=\"\">CONSULTA TODOS LOS SERVICIOS<\/a>[vc_empty_space height=\u00bb75&#8243;][vc_row_inner row_type=\u00bbrow\u00bb type=\u00bbfull_width\u00bb text_align=\u00bbcenter\u00bb css_animation=\u00bb\u00bb][vc_column_inner width=\u00bb1\/3&#8243;][vc_single_image image=\u00bb350&#8243; img_size=\u00bbfull\u00bb alignment=\u00bbcenter\u00bb qode_css_animation=\u00bb\u00bb][vc_empty_space height=\u00bb25px\u00bb][vc_column_text]<\/p>\n<h3 style=\"text-align: center;\">Diagn\u00f3stico de problemas de mamitis y calidad de leche<\/h3>\n<p>[\/vc_column_text][vc_empty_space height=\u00bb25px\u00bb][vc_column_text]<\/p>\n<p style=\"text-align: center;\">El primer paso es identificar correctamente el origen del problema: con anal\u00edticas de leche, revisando el manejo del orde\u00f1o, verificando los equipos de orde\u00f1o y valorando el nivel de higiene de las instalaciones.<\/p>\n<p>[\/vc_column_text][vc_empty_space height=\u00bb25px\u00bb]<a  itemprop=\"url\" href=\"\/es\/servicios-veterinarios\/#mastitis\" target=\"_self\"  class=\"qbutton  default\" style=\"\">M\u00c1S INFORMACI\u00d3N<\/a>[vc_empty_space height=\u00bb50px\u00bb][\/vc_column_inner][vc_column_inner width=\u00bb1\/3&#8243;][vc_single_image image=\u00bb341&#8243; img_size=\u00bbfull\u00bb alignment=\u00bbcenter\u00bb qode_css_animation=\u00bb\u00bb][vc_empty_space height=\u00bb25px\u00bb][vc_column_text]<\/p>\n<h3 style=\"text-align: center;\">Revisi\u00f3n de equipos de orde\u00f1o y enfriamiento de la leche<\/h3>\n<p>[\/vc_column_text][vc_empty_space height=\u00bb25px\u00bb][vc_column_text]<\/p>\n<p style=\"text-align: center;\">La m\u00e1quina de orde\u00f1o es una pieza fundamental en la producci\u00f3n de leche de calidad. Es necesario que funcione correctamente los 365 d\u00edas del a\u00f1o y por eso revisamos peri\u00f3dicamente el funcionamiento de la m\u00e1quina de orde\u00f1o.<\/p>\n<p>[\/vc_column_text][vc_empty_space height=\u00bb25px\u00bb]<a  itemprop=\"url\" href=\"\/es\/servicios-veterinarios\/#equipos\" target=\"_self\"  class=\"qbutton  default\" style=\"\">M\u00c1S INFORMACI\u00d3N<\/a>[vc_empty_space height=\u00bb50px\u00bb][\/vc_column_inner][vc_column_inner width=\u00bb1\/3&#8243;][vc_single_image image=\u00bb337&#8243; img_size=\u00bbfull\u00bb alignment=\u00bbcenter\u00bb qode_css_animation=\u00bb\u00bb][vc_empty_space height=\u00bb25px\u00bb][vc_column_text]<\/p>\n<h3 style=\"text-align: center;\">Formaci\u00f3n continuada del personal de orde\u00f1o<\/h3>\n<p>[\/vc_column_text][vc_empty_space height=\u00bb25px\u00bb][vc_column_text]<\/p>\n<p style=\"text-align: center;\">Si queremos producir leche de alta calidad necesitamos trabajadores cualificados, que conozcan la importancia de las tareas que realizan a diario. En Q-Llet apostamos por la formaci\u00f3n continuada del personal.<\/p>\n<p>[\/vc_column_text][vc_empty_space height=\u00bb25px\u00bb]<a  itemprop=\"url\" href=\"\/es\/servicios-veterinarios\/formacion-personal\" target=\"_self\"  class=\"qbutton  default\" style=\"\">M\u00c1S INFORMACI\u00d3N<\/a>[\/vc_column_inner][\/vc_row_inner][\/vc_column][\/vc_row]<\/p>\n<\/section>","protected":false},"excerpt":{"rendered":"<p>[vc_row css_animation=\u00bb\u00bb row_type=\u00bbrow\u00bb use_row_as_full_screen_section=\u00bbno\u00bb type=\u00bbgrid\u00bb angled_section=\u00bbno\u00bb text_align=\u00bbleft\u00bb background_image_as_pattern=\u00bbwithout_pattern\u00bb z_index=\u00bb\u00bb background_image=\u00bb453&#8243;][vc_column offset=\u00bbvc_hidden-md vc_hidden-sm vc_hidden-xs\u00bb][vc_empty_space height=\u00bb150&#8243;][vc_column_text] Veterinarios asesores de la calidad de la leche [\/vc_column_text][vc_empty_space height=\u00bb20&#8243;][vc_column_text] ESTUDIAMOS TU CASO Y TE PREPARAMOS UNA SOLUCI\u00d3N PERSONALIZADA. [\/vc_column_text][vc_empty_space height=\u00bb50&#8243;][vc_empty_space height=\u00bb400&#8243;][\/vc_column][\/vc_row][vc_row css_animation=\u00bb\u00bb row_type=\u00bbrow\u00bb use_row_as_full_screen_section=\u00bbno\u00bb type=\u00bbgrid\u00bb angled_section=\u00bbno\u00bb text_align=\u00bbleft\u00bb background_image_as_pattern=\u00bbwithout_pattern\u00bb z_index=\u00bb\u00bb background_image=\u00bb453&#8243;][vc_column&hellip; <a class=\"continue\" href=\"https:\/\/www.qllet.com\/es\/\">CONTINUAR >><span> Inicio<\/span><\/a><\/p>\n","protected":false},"author":1,"featured_media":0,"parent":0,"menu_order":0,"comment_status":"closed","ping_status":"closed","template":"full_width.php","meta":{"footnotes":""},"class_list":["post-605","page","type-page","status-publish","hentry"],"_links":{"self":[{"href":"https:\/\/www.qllet.com\/es\/wp-json\/wp\/v2\/pages\/605","targetHints":{"allow":["GET"]}}],"collection":[{"href":"https:\/\/www.qllet.com\/es\/wp-json\/wp\/v2\/pages"}],"about":[{"href":"https:\/\/www.qllet.com\/es\/wp-json\/wp\/v2\/types\/page"}],"author":[{"embeddable":true,"href":"https:\/\/www.qllet.com\/es\/wp-json\/wp\/v2\/users\/1"}],"replies":[{"embeddable":true,"href":"https:\/\/www.qllet.com\/es\/wp-json\/wp\/v2\/comments?post=605"}],"version-history":[{"count":11,"href":"https:\/\/www.qllet.com\/es\/wp-json\/wp\/v2\/pages\/605\/revisions"}],"predecessor-version":[{"id":746,"href":"https:\/\/www.qllet.com\/es\/wp-json\/wp\/v2\/pages\/605\/revisions\/746"}],"wp:attachment":[{"href":"https:\/\/www.qllet.com\/es\/wp-json\/wp\/v2\/media?parent=605"}],"curies":[{"name":"wp","href":"https:\/\/api.w.org\/{rel}","templated":true}]}}